{"id":876,"date":"2026-05-08T15:23:43","date_gmt":"2026-05-08T13:23:43","guid":{"rendered":"https:\/\/grafix-dezign.de\/web\/?page_id=876"},"modified":"2026-05-10T18:43:44","modified_gmt":"2026-05-10T16:43:44","slug":"projekt-anfragen","status":"publish","type":"page","link":"https:\/\/grafix-dezign.de\/web\/projekt-anfragen\/","title":{"rendered":"Projekt anfragen"},"content":{"rendered":"\n<section id=\"g-4b5s4jb\" class=\"wp-block-gutentor-m4 section-g-4b5s4jb gutentor-module gutentor-advanced-columns has-image-bg has-custom-bg\"><div class=\"grid-container\"><div class=\"grid-row\">\n<div id=\"col-g-m1821e8\" class=\"wp-block-gutentor-m4-col col-g-m1821e8 gutentor-single-column  grid-lg-6 grid-md-12 grid-12\"><div id=\"section-g-m1821e8\" class=\"section-g-m1821e8 gutentor-col-wrap\">\n<div id=\"section-g-rnigg66\" class=\"wp-block-gutentor-e1 section-g-rnigg66 gutentor-element gutentor-element-advanced-text\"><div class=\"gutentor-text-wrap\"><p class=\"gutentor-text\">PROJEKT ANFRAGEN<\/p><\/div><\/div>\n\n\n\n<div id=\"section-g-914os4b\" class=\"wp-block-gutentor-e1 section-g-914os4b gutentor-element gutentor-element-advanced-text\"><div class=\"gutentor-text-wrap\"><p class=\"gutentor-text\">Lassen Sie uns Ihre neue Website gestalten<\/p><\/div><\/div>\n\n\n\n<div id=\"section-g-w1t1wew\" class=\"wp-block-gutentor-e1 section-g-w1t1wew gutentor-element gutentor-element-advanced-text\"><div class=\"gutentor-text-wrap\"><p class=\"gutentor-text\">Ich erstelle Ihnen einen unverbindlichen Design-Entwurf f\u00fcr Ihre Website. <\/p><\/div><\/div>\n\n\n\n<div id=\"g-egkgykl\" class=\"wp-block-gutentor-m1 section-g-egkgykl gutentor-module gutentor-element-button-group button-align-left-desktop g-btn-horizontal-d g-btn-horizontal-t g-btn-horizontal-m\"><div class=\"gutentor-element-button-group-wrap\">\n<div id=\"section-g-wmtdgwy\" class=\"wp-block-gutentor-e2 section-g-wmtdgwy gutentor-element gutentor-element-button\"><span class=\"gutentor-button-wrap\"><a class=\"gutentor-button gutentor-block-button gutentor-icon-before\"><i class=\"gutentor-button-icon fas fa-arrow-down\"><\/i><span>Los geht`s<\/span><\/a><\/span><\/div>\n<\/div><\/div>\n<\/div><\/div>\n\n\n\n<div id=\"col-g-q02f110\" class=\"wp-block-gutentor-m4-col col-g-q02f110 gutentor-single-column  grid-lg-6 grid-md-12 grid-12\"><div id=\"section-g-q02f110\" class=\"section-g-q02f110 gutentor-col-wrap\"><\/div><\/div>\n<\/div><\/div><\/section>\n\n\n\n<section id=\"g-wq1ddm4\" class=\"wp-block-gutentor-m4 section-g-wq1ddm4 gutentor-module gutentor-advanced-columns has-gutentor-overlay\"><div class=\"grid-container\"><div class=\"grid-row\">\n<div id=\"col-g-sb2pb12\" class=\"wp-block-gutentor-m4-col col-g-sb2pb12 gutentor-single-column  grid-lg-6 grid-md-12 grid-12\"><div id=\"section-g-sb2pb12\" class=\"section-g-sb2pb12 gutentor-col-wrap\">\n<div id=\"section-g-u1tdxwr\" class=\"wp-block-gutentor-e1 section-g-u1tdxwr gutentor-element gutentor-element-advanced-text\"><div class=\"gutentor-text-wrap\"><p class=\"gutentor-text\">JETZT LOSLEGEN<\/p><\/div><\/div>\n\n\n\n<div id=\"section-g-9hwog1n\" class=\"wp-block-gutentor-e1 section-g-9hwog1n gutentor-element gutentor-element-advanced-text\"><div class=\"gutentor-text-wrap\"><p class=\"gutentor-text\">Kostenlosen Entwurf anfordern<\/p><\/div><\/div>\n\n\n\n<div id=\"section-g-g1t6xfi\" class=\"wp-block-gutentor-e1 section-g-g1t6xfi gutentor-element gutentor-element-advanced-text\"><div class=\"gutentor-text-wrap\"><p class=\"gutentor-text\">Einfach folgendes Formular ausf\u00fcllen mit Ihren W\u00fcnschen und Vorstellungen.<\/p><\/div><\/div>\n\n\n<style id=\"wpforms-css-vars-480\">\n\t\t\t\t#wpforms-480 {\n\t\t\t\t--wpforms-label-color: #3a4e5a;\n--wpforms-label-error-color: #f9a158;\n--wpforms-button-background-color: #fe8437;\n--wpforms-container-padding: 0px;\n--wpforms-container-border-width: 1px;\n--wpforms-container-border-radius: 3px;\n--wpforms-background-color: rgba(0, 0, 0, 0);\n--wpforms-field-size-input-height: 43px;\n--wpforms-field-size-input-spacing: 15px;\n--wpforms-field-size-font-size: 16px;\n--wpforms-field-size-line-height: 19px;\n--wpforms-field-size-padding-h: 14px;\n--wpforms-field-size-checkbox-size: 16px;\n--wpforms-field-size-sublabel-spacing: 5px;\n--wpforms-field-size-icon-size: 1;\n--wpforms-label-size-font-size: 16px;\n--wpforms-label-size-line-height: 19px;\n--wpforms-label-size-sublabel-font-size: 14px;\n--wpforms-label-size-sublabel-line-height: 17px;\n--wpforms-button-size-font-size: 17px;\n--wpforms-button-size-height: 41px;\n--wpforms-button-size-padding-h: 15px;\n--wpforms-button-size-margin-top: 10px;\n--wpforms-container-shadow-size-box-shadow: none;\n\t\t\t}\n\t\t\t<\/style><div class=\"wpforms-container wpforms-container-full wpforms-render-modern\" id=\"wpforms-480\"><form id=\"wpforms-form-480\" class=\"wpforms-validate wpforms-form wpforms-ajax-form\" data-formid=\"480\" method=\"post\" enctype=\"multipart\/form-data\" action=\"\/web\/wp-json\/wp\/v2\/pages\/876\" data-token=\"83673a5248f97a31dce60b77f5340e9f\" data-token-time=\"1778621065\"><noscript class=\"wpforms-error-noscript\">Bitte aktiviere JavaScript in deinem Browser, um dieses Formular fertigzustellen.<\/noscript><div id=\"wpforms-error-noscript\" style=\"display: none;\">Bitte aktiviere JavaScript in deinem Browser, um dieses Formular fertigzustellen.<\/div><div class=\"wpforms-field-container\"><div id=\"wpforms-480-field_1-container\" class=\"wpforms-field wpforms-field-name\" data-field-id=\"1\"><fieldset><legend class=\"wpforms-field-label\">Name <span class=\"wpforms-required-label\" aria-hidden=\"true\">*<\/span><\/legend><div class=\"wpforms-field-row wpforms-field-medium\"><div class=\"wpforms-field-row-block wpforms-first wpforms-one-half\"><input type=\"text\" id=\"wpforms-480-field_1\" class=\"wpforms-field-name-first wpforms-field-required\" name=\"wpforms[fields][1][first]\" aria-errormessage=\"wpforms-480-field_1-error\" required><label for=\"wpforms-480-field_1\" class=\"wpforms-field-sublabel after\">Vorname<\/label><\/div><div class=\"wpforms-field-row-block wpforms-one-half\"><input type=\"text\" id=\"wpforms-480-field_1-last\" class=\"wpforms-field-name-last wpforms-field-required\" name=\"wpforms[fields][1][last]\" aria-errormessage=\"wpforms-480-field_1-last-error\" required><label for=\"wpforms-480-field_1-last\" class=\"wpforms-field-sublabel after\">Nachname<\/label><\/div><\/div><\/fieldset><\/div>\t\t<div id=\"wpforms-480-field_4-container\"\n\t\t\tclass=\"wpforms-field wpforms-field-text\"\n\t\t\tdata-field-type=\"text\"\n\t\t\tdata-field-id=\"4\"\n\t\t\t>\n\t\t\t<label class=\"wpforms-field-label\" for=\"wpforms-480-field_4\" >den Entwurf? E-Mail-Adresse<\/label>\n\t\t\t<input type=\"text\" id=\"wpforms-480-field_4\" class=\"wpforms-field-medium\" name=\"wpforms[fields][4]\" >\n\t\t<\/div>\n\t\t<div id=\"wpforms-480-field_2-container\" class=\"wpforms-field wpforms-field-email\" data-field-id=\"2\"><label class=\"wpforms-field-label\" for=\"wpforms-480-field_2\">E-Mail-Adresse <span class=\"wpforms-required-label\" aria-hidden=\"true\">*<\/span><\/label><input type=\"email\" id=\"wpforms-480-field_2\" class=\"wpforms-field-medium wpforms-field-required\" name=\"wpforms[fields][2]\" spellcheck=\"false\" aria-errormessage=\"wpforms-480-field_2-error\" required><\/div><div id=\"wpforms-480-field_3-container\" class=\"wpforms-field wpforms-field-textarea\" data-field-id=\"3\"><label class=\"wpforms-field-label\" for=\"wpforms-480-field_3\">W\u00fcnsche f\u00fcr den Entwurf?<\/label><textarea id=\"wpforms-480-field_3\" class=\"wpforms-field-medium\" name=\"wpforms[fields][3]\" aria-errormessage=\"wpforms-480-field_3-error\" ><\/textarea><\/div><script>\n\t\t\t\t( function() {\n\t\t\t\t\tconst style = document.createElement( 'style' );\n\t\t\t\t\tstyle.appendChild( document.createTextNode( '#wpforms-480-field_4-container { position: absolute !important; overflow: hidden !important; display: inline !important; height: 1px !important; width: 1px !important; z-index: -1000 !important; padding: 0 !important; } #wpforms-480-field_4-container input { visibility: hidden; } #wpforms-conversational-form-page #wpforms-480-field_4-container label { counter-increment: none; }' ) );\n\t\t\t\t\tdocument.head.appendChild( style );\n\t\t\t\t\tdocument.currentScript?.remove();\n\t\t\t\t} )();\n\t\t\t<\/script><\/div><!-- .wpforms-field-container --><div class=\"wpforms-submit-container\" ><input type=\"hidden\" name=\"wpforms[id]\" value=\"480\"><input type=\"hidden\" name=\"page_title\" value=\"\"><input type=\"hidden\" name=\"page_url\" value=\"https:\/\/grafix-dezign.de\/web\/wp-json\/wp\/v2\/pages\/876\"><input type=\"hidden\" name=\"url_referer\" value=\"\"><button type=\"submit\" name=\"wpforms[submit]\" id=\"wpforms-submit-480\" class=\"wpforms-submit\" data-alt-text=\"Wird gesendet\u00a0\u2026\" data-submit-text=\"absenden\" aria-live=\"assertive\" value=\"wpforms-submit\">absenden<\/button><img loading=\"lazy\" decoding=\"async\" src=\"https:\/\/grafix-dezign.de\/web\/wp-content\/plugins\/wpforms-lite\/assets\/images\/submit-spin.svg\" class=\"wpforms-submit-spinner\" style=\"display: none;\" width=\"26\" height=\"26\" alt=\"Wird geladen\"><\/div><\/form><\/div>  <!-- .wpforms-container -->\n<\/div><\/div>\n\n\n\n<div id=\"col-g-ro5yr7i\" class=\"wp-block-gutentor-m4-col col-g-ro5yr7i gutentor-single-column  grid-lg-6 grid-md-12 grid-12\"><div id=\"section-g-ro5yr7i\" class=\"section-g-ro5yr7i gutentor-col-wrap\">\n<div id=\"section-g-xrel5ey\" class=\"wp-block-gutentor-e1 section-g-xrel5ey gutentor-element gutentor-element-advanced-text\"><div class=\"gutentor-text-wrap\"><p class=\"gutentor-text\">SERVICE<\/p><\/div><\/div>\n\n\n\n<section id=\"section-g-mtkezf3\" class=\"wp-block-gutentor-icon-box gutentor-section gutentor-icon-wrapper icon-template1 has-color-bg has-custom-bg\"><div class=\"grid-container\"><div class=\"grid-row gutentor-grid-item-wrap\"><div class=\"gutentor-grid-column grid-lg-6 grid-md-4 grid-12\"><div class=\"gutentor-single-item gutentor-icon gutentor-single-item-0\"><div class=\"gutentor-single-item-wrap\"><div class=\"gutentor-single-item-icon-box\"><i class=\"fas fa-desktop\"><\/i><\/div><div class=\"gutentor-single-item-content\"><p class=\"gutentor-single-item-title\">Individuelles Webdesign<\/p><p class=\"gutentor-single-item-desc\">Ma\u00dfgeschneidert f\u00fcr Ihr Unternehmen und Ihre Ziele.<\/p><\/div><\/div><\/div><\/div><div class=\"gutentor-grid-column grid-lg-6 grid-md-4 grid-12\"><div class=\"gutentor-single-item gutentor-icon gutentor-single-item-1\"><div class=\"gutentor-single-item-wrap\"><div class=\"gutentor-single-item-icon-box\"><i class=\"fas fa-magic\"><\/i><\/div><div class=\"gutentor-single-item-content\"><p class=\"gutentor-single-item-title\">Kostenloser Entwurf<\/p><p class=\"gutentor-single-item-desc\">Lassen Sie sich von einem unverbindlichen Layout \u00fcberzeugen<\/p><\/div><\/div><\/div><\/div><div class=\"gutentor-grid-column grid-lg-6 grid-md-4 grid-12\"><div class=\"gutentor-single-item gutentor-icon gutentor-single-item-2\"><div class=\"gutentor-single-item-wrap\"><div class=\"gutentor-single-item-icon-box\"><i class=\"fas fa-chalkboard-teacher\"><\/i><\/div><div class=\"gutentor-single-item-content\"><p class=\"gutentor-single-item-title\">Domain &amp; Hosting<\/p><p class=\"gutentor-single-item-desc\">Domain-Bestellung und Einrichtung Ihres Hosting-Pakets<\/p><\/div><\/div><\/div><\/div><div class=\"gutentor-grid-column grid-lg-6 grid-md-4 grid-12\"><div class=\"gutentor-single-item gutentor-icon gutentor-single-item-3\"><div class=\"gutentor-single-item-wrap\"><div class=\"gutentor-single-item-icon-box\"><i class=\"fas fa-bolt\"><\/i><\/div><div class=\"gutentor-single-item-content\"><p class=\"gutentor-single-item-title\">Schnell &amp; zuverl\u00e4ssig<\/p><p class=\"gutentor-single-item-desc\">Klare Abl\u00e4ufe, feste Termine und transparente Kommunikation.<\/p><\/div><\/div><\/div><\/div><\/div><\/div><\/section>\n<\/div><\/div>\n<\/div><\/div><\/section>\n\n\n\n<section id=\"g-3i5j0qy\" class=\"wp-block-gutentor-m4 section-g-3i5j0qy gutentor-module gutentor-advanced-columns has-color-bg has-custom-bg\"><div class=\"grid-container\"><div class=\"grid-row\">\n<div id=\"col-g-rjakq7k\" class=\"wp-block-gutentor-m4-col col-g-rjakq7k gutentor-single-column  grid-lg-4 grid-md-12 grid-12\"><div id=\"section-g-rjakq7k\" class=\"section-g-rjakq7k gutentor-col-wrap\">\n<div id=\"section-g-6xvz86x\" class=\"wp-block-gutentor-e1 section-g-6xvz86x gutentor-element gutentor-element-advanced-text\"><div class=\"gutentor-text-wrap\"><p class=\"gutentor-text\">KONTAKT<\/p><\/div><\/div>\n\n\n\n<section id=\"g-8o83oox\" class=\"wp-block-gutentor-m4 section-g-8o83oox gutentor-module gutentor-advanced-columns\"><div class=\"grid-container\"><div class=\"grid-row\">\n<div id=\"col-g-mg3gm1m\" class=\"wp-block-gutentor-m4-col col-g-mg3gm1m gutentor-single-column  grid-lg-2 grid-md-12 grid-12\"><div id=\"section-g-mg3gm1m\" class=\"section-g-mg3gm1m gutentor-col-wrap\">\n<div id=\"section-g-mv1vmq9\" class=\"wp-block-gutentor-e5 section-g-mv1vmq9 gutentor-element gutentor-element-icon gutentor-icon-default\"><div class=\"gutentor-element-icon-box\"><i class=\"fas fa-phone\"><\/i><\/div><\/div>\n<\/div><\/div>\n\n\n\n<div id=\"col-g-4l907l4\" class=\"wp-block-gutentor-m4-col col-g-4l907l4 gutentor-single-column  grid-lg-10 grid-md-12 grid-12\"><div id=\"section-g-4l907l4\" class=\"section-g-4l907l4 gutentor-col-wrap\">\n<div class=\"wp-block-group is-nowrap is-layout-flex wp-container-core-group-is-layout-6c531013 wp-block-group-is-layout-flex\">\n<div id=\"section-g-gievvjv\" class=\"wp-block-gutentor-e1 section-g-gievvjv gutentor-element gutentor-element-advanced-text\"><div class=\"gutentor-text-wrap\"><p class=\"gutentor-text\">06102 22787<\/p><\/div><\/div>\n<\/div>\n<\/div><\/div>\n<\/div><\/div><\/section>\n\n\n\n<section id=\"g-2233i84\" class=\"wp-block-gutentor-m4 section-g-2233i84 gutentor-module gutentor-advanced-columns\"><div class=\"grid-container\"><div class=\"grid-row\">\n<div id=\"col-g-h93h0w5\" class=\"wp-block-gutentor-m4-col col-g-h93h0w5 gutentor-single-column  grid-lg-2 grid-md-12 grid-12\"><div id=\"section-g-h93h0w5\" class=\"section-g-h93h0w5 gutentor-col-wrap\">\n<div id=\"section-g-xxgf5hf\" class=\"wp-block-gutentor-e5 section-g-xxgf5hf gutentor-element gutentor-element-icon gutentor-icon-default\"><div class=\"gutentor-element-icon-box\"><i class=\"fas fa-envelope\"><\/i><\/div><\/div>\n<\/div><\/div>\n\n\n\n<div id=\"col-g-dan6333\" class=\"wp-block-gutentor-m4-col col-g-dan6333 gutentor-single-column  grid-lg-10 grid-md-12 grid-12\"><div id=\"section-g-dan6333\" class=\"section-g-dan6333 gutentor-col-wrap\">\n<div class=\"wp-block-group is-nowrap is-layout-flex wp-container-core-group-is-layout-6c531013 wp-block-group-is-layout-flex\">\n<div id=\"section-g-3eaih1k\" class=\"wp-block-gutentor-e1 section-g-3eaih1k gutentor-element gutentor-element-advanced-text\"><div class=\"gutentor-text-wrap\"><p class=\"gutentor-text\"><a href=\"mailto:info@grafix-dezign.de\">info@grafix-dezign.de<\/a><\/p><\/div><\/div>\n<\/div>\n<\/div><\/div>\n<\/div><\/div><\/section>\n\n\n\n<section id=\"g-ooofgcm\" class=\"wp-block-gutentor-m4 section-g-ooofgcm gutentor-module gutentor-advanced-columns\"><div class=\"grid-container\"><div class=\"grid-row\">\n<div id=\"col-g-mo0hvo0\" class=\"wp-block-gutentor-m4-col col-g-mo0hvo0 gutentor-single-column  grid-lg-2 grid-md-12 grid-12\"><div id=\"section-g-mo0hvo0\" class=\"section-g-mo0hvo0 gutentor-col-wrap\">\n<div id=\"section-g-jjjro11\" class=\"wp-block-gutentor-e5 section-g-jjjro11 gutentor-element gutentor-element-icon gutentor-icon-default\"><div class=\"gutentor-element-icon-box\"><i class=\"fas fa-map-marker-alt\"><\/i><\/div><\/div>\n<\/div><\/div>\n\n\n\n<div id=\"col-g-luq1qu1\" class=\"wp-block-gutentor-m4-col col-g-luq1qu1 gutentor-single-column  grid-lg-10 grid-md-12 grid-12\"><div id=\"section-g-luq1qu1\" class=\"section-g-luq1qu1 gutentor-col-wrap\">\n<div class=\"wp-block-group is-nowrap is-layout-flex wp-container-core-group-is-layout-6c531013 wp-block-group-is-layout-flex\">\n<div id=\"section-g-62m1dtt\" class=\"wp-block-gutentor-e1 section-g-62m1dtt gutentor-element gutentor-element-advanced-text\"><div class=\"gutentor-text-wrap\"><p class=\"gutentor-text\">Stoltzestra\u00dfe 120<br>63263 Neu-Isenburg<\/p><\/div><\/div>\n<\/div>\n<\/div><\/div>\n<\/div><\/div><\/section>\n<\/div><\/div>\n\n\n\n<div id=\"col-g-oynooon\" class=\"wp-block-gutentor-m4-col col-g-oynooon gutentor-single-column  grid-lg-4 grid-md-12 grid-12\"><div id=\"section-g-oynooon\" class=\"section-g-oynooon gutentor-col-wrap\">\n<div id=\"section-g-p8k84vb\" class=\"wp-block-gutentor-e1 section-g-p8k84vb gutentor-element gutentor-element-advanced-text\"><div class=\"gutentor-text-wrap\"><p class=\"gutentor-text\">TERMIN \/ BERATUNG<\/p><\/div><\/div>\n\n\n\n<div id=\"section-g-6qq1d1j\" class=\"wp-block-gutentor-e1 section-g-6qq1d1j gutentor-element gutentor-element-advanced-text\"><div class=\"gutentor-text-wrap\"><p class=\"gutentor-text\">Gerne berate ich Sie in einem pers\u00f6nlichen Gespr\u00e4ch \u00fcber meinen Service und meine Leistungen!<\/p><\/div><\/div>\n<\/div><\/div>\n\n\n\n<div id=\"col-g-um4xn41\" class=\"wp-block-gutentor-m4-col col-g-um4xn41 gutentor-single-column  grid-lg-4 grid-md-12 grid-12\"><div id=\"section-g-um4xn41\" class=\"section-g-um4xn41 gutentor-col-wrap\"><\/div><\/div>\n<\/div><\/div><\/section>\n","protected":false},"excerpt":{"rendered":"","protected":false},"author":1,"featured_media":0,"parent":0,"menu_order":0,"comment_status":"closed","ping_status":"closed","template":"template-gutentor-full-width.php","meta":{"footnotes":""},"class_list":["post-876","page","type-page","status-publish","hentry"],"_links":{"self":[{"href":"https:\/\/grafix-dezign.de\/web\/wp-json\/wp\/v2\/pages\/876","targetHints":{"allow":["GET"]}}],"collection":[{"href":"https:\/\/grafix-dezign.de\/web\/wp-json\/wp\/v2\/pages"}],"about":[{"href":"https:\/\/grafix-dezign.de\/web\/wp-json\/wp\/v2\/types\/page"}],"author":[{"embeddable":true,"href":"https:\/\/grafix-dezign.de\/web\/wp-json\/wp\/v2\/users\/1"}],"replies":[{"embeddable":true,"href":"https:\/\/grafix-dezign.de\/web\/wp-json\/wp\/v2\/comments?post=876"}],"version-history":[{"count":24,"href":"https:\/\/grafix-dezign.de\/web\/wp-json\/wp\/v2\/pages\/876\/revisions"}],"predecessor-version":[{"id":983,"href":"https:\/\/grafix-dezign.de\/web\/wp-json\/wp\/v2\/pages\/876\/revisions\/983"}],"wp:attachment":[{"href":"https:\/\/grafix-dezign.de\/web\/wp-json\/wp\/v2\/media?parent=876"}],"curies":[{"name":"wp","href":"https:\/\/api.w.org\/{rel}","templated":true}]}}