{"id":886,"date":"2026-05-08T15:23:09","date_gmt":"2026-05-08T13:23:09","guid":{"rendered":"https:\/\/grafix-dezign.de\/web\/?page_id=886"},"modified":"2026-05-10T18:44:13","modified_gmt":"2026-05-10T16:44:13","slug":"referenzen","status":"publish","type":"page","link":"https:\/\/grafix-dezign.de\/web\/referenzen\/","title":{"rendered":"Referenzen"},"content":{"rendered":"\n<section id=\"g-4b5s4jb\" class=\"wp-block-gutentor-m4 section-g-4b5s4jb gutentor-module gutentor-advanced-columns has-image-bg has-custom-bg\"><div class=\"grid-container\"><div class=\"grid-row\">\n<div id=\"col-g-m1821e8\" class=\"wp-block-gutentor-m4-col col-g-m1821e8 gutentor-single-column  grid-lg-6 grid-md-12 grid-12\"><div id=\"section-g-m1821e8\" class=\"section-g-m1821e8 gutentor-col-wrap\">\n<div id=\"section-g-rnigg66\" class=\"wp-block-gutentor-e1 section-g-rnigg66 gutentor-element gutentor-element-advanced-text\"><div class=\"gutentor-text-wrap\"><p class=\"gutentor-text\">WEBDESIGN &amp; WORDPRESS<\/p><\/div><\/div>\n\n\n\n<div id=\"section-g-914os4b\" class=\"wp-block-gutentor-e1 section-g-914os4b gutentor-element gutentor-element-advanced-text\"><div class=\"gutentor-text-wrap\"><p class=\"gutentor-text\">Professionelles Webdesign,<br>klar und modern.<\/p><\/div><\/div>\n\n\n\n<div id=\"section-g-g1t6xfi\" class=\"wp-block-gutentor-e1 section-g-g1t6xfi gutentor-element gutentor-element-advanced-text\"><div class=\"gutentor-text-wrap\"><p class=\"gutentor-text\">Responsive Websites, die auf allen Ger\u00e4ten gut aussehen und genau zu Ihnen und Ihrem Untenehmen passen &#8211; f\u00fcr einen starke Wirkung nach au\u00dfen.<\/p><\/div><\/div>\n\n\n\n<div id=\"g-egkgykl\" class=\"wp-block-gutentor-m1 section-g-egkgykl gutentor-module gutentor-element-button-group button-align-left-desktop g-btn-horizontal-d g-btn-horizontal-t g-btn-horizontal-m\"><div class=\"gutentor-element-button-group-wrap\">\n<div id=\"section-g-wmtdgwy\" class=\"wp-block-gutentor-e2 section-g-wmtdgwy gutentor-element gutentor-element-button\"><span class=\"gutentor-button-wrap\"><a class=\"gutentor-button gutentor-block-button gutentor-icon-after\" href=\"https:\/\/grafix-dezign.de\/web\/projekt-anfragen\/\"><i class=\"gutentor-button-icon fas fa-arrow-right\"><\/i><span>Projekt anfragen<\/span><\/a><\/span><\/div>\n<\/div><\/div>\n<\/div><\/div>\n\n\n\n<div id=\"col-g-q02f110\" class=\"wp-block-gutentor-m4-col col-g-q02f110 gutentor-single-column  grid-lg-6 grid-md-12 grid-12\"><div id=\"section-g-q02f110\" class=\"section-g-q02f110 gutentor-col-wrap\"><\/div><\/div>\n<\/div><\/div><\/section>\n\n\n\n<section id=\"g-u77jv1j\" class=\"wp-block-gutentor-m4 section-g-u77jv1j gutentor-module gutentor-advanced-columns has-color-bg has-custom-bg\"><div class=\"grid-container\"><div class=\"grid-row\">\n<div id=\"col-g-u1gme66\" class=\"wp-block-gutentor-m4-col col-g-u1gme66 gutentor-single-column  grid-lg-12 grid-md-12 grid-12\"><div id=\"section-g-u1gme66\" class=\"section-g-u1gme66 gutentor-col-wrap\">\n<div id=\"section-g-vqbsv6f\" class=\"wp-block-gutentor-e1 section-g-vqbsv6f gutentor-element gutentor-element-advanced-text text-align-center-desktop\"><div class=\"gutentor-text-wrap\"><p class=\"gutentor-text\">PROJEKTE UND KUNDEN<\/p><\/div><\/div>\n\n\n\n<div id=\"section-g-nn6th12\" class=\"wp-block-gutentor-e1 section-g-nn6th12 gutentor-element gutentor-element-advanced-text text-align-center-desktop\"><div class=\"gutentor-text-wrap\"><p class=\"gutentor-text\">Auszug meiner Arbeiten<\/p><\/div><\/div>\n\n\n\n<section id=\"section-g-eslsy4f\" class=\"wp-block-gutentor-gallery gutentor-section gutentor-gallery gutentor-gallery-wrapper enable-masonry gallery-template2\"><div class=\"grid-container\"><div class=\"grid-row gutentor-grid-item-wrap full-width-row\"><div class=\"gutentor-gallery-item grid-lg-4 grid-md-4 grid-12\"><div class=\"gutentor-single-item gutentor-image gutentor-single-item-0\"><div class=\"gutentor-gallery-item-wrap\"><div class=\"gutentor-single-item-image-box\"><div class=\"gutentor-image-thumb\"><img loading=\"lazy\" decoding=\"async\" class=\"normal-image\" src=\"https:\/\/grafix-dezign.de\/web\/wp-content\/uploads\/2025\/10\/bgg-2.jpg\" alt=\"\" height=\"947\" width=\"1600\" \/><div class=\"overlay\"><\/div><\/div><\/div><div class=\"gutentor-single-item-content\"><div class=\"gutentor-gallery-item-header\"><a class=\"gutentor-single-item-title-link\" href=\"https:\/\/www.bgg.de\" target=\"_blank\" rel=\"noopener noreferrer\"><h3 class=\"gutentor-single-item-title\">BGG <br>ARCHITEKTEN + INGENIEURE<\/h3><\/a><a href=\"https:\/\/grafix-dezign.de\/web\/wp-content\/uploads\/2025\/10\/bgg-2.jpg\" class=\"image-gallery\"><i class=\"gallery-icon fas fa-search\"><\/i><\/a><\/div><div class=\"gutentor-gallery-item-desc\"><\/div><\/div><\/div><\/div><\/div><div class=\"gutentor-gallery-item grid-lg-4 grid-md-4 grid-12\"><div class=\"gutentor-single-item gutentor-image gutentor-single-item-1\"><div class=\"gutentor-gallery-item-wrap\"><div class=\"gutentor-single-item-image-box\"><div class=\"gutentor-image-thumb\"><img loading=\"lazy\" decoding=\"async\" class=\"normal-image\" src=\"https:\/\/grafix-dezign.de\/web\/wp-content\/uploads\/2025\/10\/unverzagt-1.jpg\" alt=\"\" height=\"947\" width=\"1600\" \/><div class=\"overlay\"><\/div><\/div><\/div><div class=\"gutentor-single-item-content\"><div class=\"gutentor-gallery-item-header\"><a class=\"gutentor-single-item-title-link\" href=\"https:\/\/unverzagt-ingenieure.de\" target=\"_blank\" rel=\"noopener noreferrer\"><h3 class=\"gutentor-single-item-title\">UNVERZAGT INGENIEURE<\/h3><\/a><a href=\"https:\/\/grafix-dezign.de\/web\/wp-content\/uploads\/2025\/10\/unverzagt-1.jpg\" class=\"image-gallery\"><i class=\"gallery-icon fas fa-search\"><\/i><\/a><\/div><div class=\"gutentor-gallery-item-desc\"><\/div><\/div><\/div><\/div><\/div><div class=\"gutentor-gallery-item grid-lg-4 grid-md-4 grid-12\"><div class=\"gutentor-single-item gutentor-image gutentor-single-item-2\"><div class=\"gutentor-gallery-item-wrap\"><div class=\"gutentor-single-item-image-box\"><div class=\"gutentor-image-thumb\"><img loading=\"lazy\" decoding=\"async\" class=\"normal-image\" src=\"https:\/\/grafix-dezign.de\/web\/wp-content\/uploads\/2025\/10\/taraske-2.jpg\" alt=\"\" height=\"947\" width=\"1600\" \/><div class=\"overlay\"><\/div><\/div><\/div><div class=\"gutentor-single-item-content\"><div class=\"gutentor-gallery-item-header\"><a class=\"gutentor-single-item-title-link\" href=\"https:\/\/taraskecon.de\/\" target=\"_blank\" rel=\"noopener noreferrer\"><h3 class=\"gutentor-single-item-title\">TARASKE CONSULT<\/h3><\/a><a href=\"https:\/\/grafix-dezign.de\/web\/wp-content\/uploads\/2025\/10\/taraske-2.jpg\" class=\"image-gallery\"><i class=\"gallery-icon fas fa-search\"><\/i><\/a><\/div><div class=\"gutentor-gallery-item-desc\"><\/div><\/div><\/div><\/div><\/div><div class=\"gutentor-gallery-item grid-lg-4 grid-md-4 grid-12\"><div class=\"gutentor-single-item gutentor-image gutentor-single-item-3\"><div class=\"gutentor-gallery-item-wrap\"><div class=\"gutentor-single-item-image-box\"><div class=\"gutentor-image-thumb\"><img loading=\"lazy\" decoding=\"async\" class=\"normal-image\" src=\"https:\/\/grafix-dezign.de\/web\/wp-content\/uploads\/2025\/10\/tfi.jpg\" alt=\"\" height=\"947\" width=\"1600\" \/><div class=\"overlay\"><\/div><\/div><\/div><div class=\"gutentor-single-item-content\"><div class=\"gutentor-gallery-item-header\"><a class=\"gutentor-single-item-title-link\" href=\"https:\/\/tfi-ingenieure.de\" target=\"_blank\" rel=\"noopener noreferrer\"><h3 class=\"gutentor-single-item-title\">TFI INGENIEURE<\/h3><\/a><a href=\"https:\/\/grafix-dezign.de\/web\/wp-content\/uploads\/2025\/10\/tfi.jpg\" class=\"image-gallery\"><i class=\"gallery-icon fas fa-search\"><\/i><\/a><\/div><div class=\"gutentor-gallery-item-desc\"><\/div><\/div><\/div><\/div><\/div><div class=\"gutentor-gallery-item grid-lg-4 grid-md-4 grid-12\"><div class=\"gutentor-single-item gutentor-image gutentor-single-item-4\"><div class=\"gutentor-gallery-item-wrap\"><div class=\"gutentor-single-item-image-box\"><div class=\"gutentor-image-thumb\"><img loading=\"lazy\" decoding=\"async\" class=\"normal-image\" src=\"https:\/\/grafix-dezign.de\/web\/wp-content\/uploads\/2025\/10\/aarema-1.jpg\" alt=\"\" height=\"947\" width=\"1600\" \/><div class=\"overlay\"><\/div><\/div><\/div><div class=\"gutentor-single-item-content\"><div class=\"gutentor-gallery-item-header\"><a class=\"gutentor-single-item-title-link\" href=\"https:\/\/aarema.com\/\" target=\"_blank\" rel=\"noopener noreferrer\"><h3 class=\"gutentor-single-item-title\">aarema <br>Technologies<\/h3><\/a><a href=\"https:\/\/grafix-dezign.de\/web\/wp-content\/uploads\/2025\/10\/aarema-1.jpg\" class=\"image-gallery\"><i class=\"gallery-icon fas fa-search\"><\/i><\/a><\/div><div class=\"gutentor-gallery-item-desc\"><\/div><\/div><\/div><\/div><\/div><div class=\"gutentor-gallery-item grid-lg-4 grid-md-4 grid-12\"><div class=\"gutentor-single-item gutentor-image gutentor-single-item-5\"><div class=\"gutentor-gallery-item-wrap\"><div class=\"gutentor-single-item-image-box\"><div class=\"gutentor-image-thumb\"><img loading=\"lazy\" decoding=\"async\" class=\"normal-image\" src=\"https:\/\/grafix-dezign.de\/web\/wp-content\/uploads\/2025\/10\/chantre.jpg\" alt=\"\" height=\"947\" width=\"1600\" \/><div class=\"overlay\"><\/div><\/div><\/div><div class=\"gutentor-single-item-content\"><div class=\"gutentor-gallery-item-header\"><a class=\"gutentor-single-item-title-link\" href=\"https:\/\/www.chantre-abbruch.de\" target=\"_blank\" rel=\"noopener noreferrer\"><h3 class=\"gutentor-single-item-title\">Chantr\u00e9 Abbuch<\/h3><\/a><a href=\"https:\/\/grafix-dezign.de\/web\/wp-content\/uploads\/2025\/10\/chantre.jpg\" class=\"image-gallery\"><i class=\"gallery-icon fas fa-search\"><\/i><\/a><\/div><div class=\"gutentor-gallery-item-desc\"><\/div><\/div><\/div><\/div><\/div><div class=\"gutentor-gallery-item grid-lg-4 grid-md-4 grid-12\"><div class=\"gutentor-single-item gutentor-image gutentor-single-item-6\"><div class=\"gutentor-gallery-item-wrap\"><div class=\"gutentor-single-item-image-box\"><div class=\"gutentor-image-thumb\"><img loading=\"lazy\" decoding=\"async\" class=\"normal-image\" src=\"https:\/\/grafix-dezign.de\/web\/wp-content\/uploads\/2025\/11\/ruegemer.jpg\" alt=\"\" height=\"947\" width=\"1600\" \/><div class=\"overlay\"><\/div><\/div><\/div><div class=\"gutentor-single-item-content\"><div class=\"gutentor-gallery-item-header\"><a class=\"gutentor-single-item-title-link\" href=\"https:\/\/www.ruegemer-gmbh.com\/\" target=\"_blank\" rel=\"noopener noreferrer\"><h3 class=\"gutentor-single-item-title\">R\u00dcGEMER GmbH<\/h3><\/a><a href=\"https:\/\/grafix-dezign.de\/web\/wp-content\/uploads\/2025\/11\/ruegemer.jpg\" class=\"image-gallery\"><i class=\"gallery-icon fas fa-search\"><\/i><\/a><\/div><div class=\"gutentor-gallery-item-desc\"><\/div><\/div><\/div><\/div><\/div><div class=\"gutentor-gallery-item grid-lg-4 grid-md-4 grid-12\"><div class=\"gutentor-single-item gutentor-image gutentor-single-item-7\"><div class=\"gutentor-gallery-item-wrap\"><div class=\"gutentor-single-item-image-box\"><div class=\"gutentor-image-thumb\"><img loading=\"lazy\" decoding=\"async\" class=\"normal-image\" src=\"https:\/\/grafix-dezign.de\/web\/wp-content\/uploads\/2026\/01\/waack.jpg\" alt=\"\" height=\"947\" width=\"1600\" \/><div class=\"overlay\"><\/div><\/div><\/div><div class=\"gutentor-single-item-content\"><div class=\"gutentor-gallery-item-header\"><a class=\"gutentor-single-item-title-link\" href=\"https:\/\/waack-gmbh.de\/\" target=\"_blank\" rel=\"noopener noreferrer\"><h3 class=\"gutentor-single-item-title\">Waack Maschinenbau und CNC-Technik<\/h3><\/a><a href=\"https:\/\/grafix-dezign.de\/web\/wp-content\/uploads\/2026\/01\/waack.jpg\" class=\"image-gallery\"><i class=\"gallery-icon fas fa-search\"><\/i><\/a><\/div><div class=\"gutentor-gallery-item-desc\"><\/div><\/div><\/div><\/div><\/div><div class=\"gutentor-gallery-item grid-lg-4 grid-md-4 grid-12\"><div class=\"gutentor-single-item gutentor-image gutentor-single-item-8\"><div class=\"gutentor-gallery-item-wrap\"><div class=\"gutentor-single-item-image-box\"><div class=\"gutentor-image-thumb\"><img loading=\"lazy\" decoding=\"async\" class=\"normal-image\" src=\"https:\/\/grafix-dezign.de\/web\/wp-content\/uploads\/2026\/01\/msterra.jpg\" alt=\"\" height=\"947\" width=\"1600\" \/><div class=\"overlay\"><\/div><\/div><\/div><div class=\"gutentor-single-item-content\"><div class=\"gutentor-gallery-item-header\"><a class=\"gutentor-single-item-title-link\" href=\"https:\/\/ms-terraconsult.de\/\" target=\"_blank\" rel=\"noopener noreferrer\"><h3 class=\"gutentor-single-item-title\">ms terraconsult Arch\u00e4ologische Grabungen<\/h3><\/a><a href=\"https:\/\/grafix-dezign.de\/web\/wp-content\/uploads\/2026\/01\/msterra.jpg\" class=\"image-gallery\"><i class=\"gallery-icon fas fa-search\"><\/i><\/a><\/div><div class=\"gutentor-gallery-item-desc\"><\/div><\/div><\/div><\/div><\/div><div class=\"gutentor-gallery-item grid-lg-4 grid-md-4 grid-12\"><div class=\"gutentor-single-item gutentor-image gutentor-single-item-9\"><div class=\"gutentor-gallery-item-wrap\"><div class=\"gutentor-single-item-image-box\"><div class=\"gutentor-image-thumb\"><img loading=\"lazy\" decoding=\"async\" class=\"normal-image\" src=\"https:\/\/grafix-dezign.de\/web\/wp-content\/uploads\/2025\/10\/rgs.jpg\" alt=\"\" height=\"947\" width=\"1600\" \/><div class=\"overlay\"><\/div><\/div><\/div><div class=\"gutentor-single-item-content\"><div class=\"gutentor-gallery-item-header\"><a class=\"gutentor-single-item-title-link\" href=\"https:\/\/www.rgs-seipp.de\/\" target=\"_blank\" rel=\"noopener noreferrer\"><h3 class=\"gutentor-single-item-title\">RGS SEIPP<\/h3><\/a><a href=\"https:\/\/grafix-dezign.de\/web\/wp-content\/uploads\/2025\/10\/rgs.jpg\" class=\"image-gallery\"><i class=\"gallery-icon fas fa-search\"><\/i><\/a><\/div><div class=\"gutentor-gallery-item-desc\"><\/div><\/div><\/div><\/div><\/div><div class=\"gutentor-gallery-item grid-lg-4 grid-md-4 grid-12\"><div class=\"gutentor-single-item gutentor-image gutentor-single-item-10\"><div class=\"gutentor-gallery-item-wrap\"><div class=\"gutentor-single-item-image-box\"><div class=\"gutentor-image-thumb\"><img loading=\"lazy\" decoding=\"async\" class=\"normal-image\" src=\"https:\/\/grafix-dezign.de\/web\/wp-content\/uploads\/2026\/01\/im-geo.jpg\" alt=\"\" height=\"947\" width=\"1600\" \/><div class=\"overlay\"><\/div><\/div><\/div><div class=\"gutentor-single-item-content\"><div class=\"gutentor-gallery-item-header\"><a class=\"gutentor-single-item-title-link\" href=\"https:\/\/im-geo.de\/\" target=\"_blank\" rel=\"noopener noreferrer\"><h3 class=\"gutentor-single-item-title\">IM-GEO <br>Ingenieurb\u00fcro Geotechnik<\/h3><\/a><a href=\"https:\/\/grafix-dezign.de\/web\/wp-content\/uploads\/2026\/01\/im-geo.jpg\" class=\"image-gallery\"><i class=\"gallery-icon fas fa-search\"><\/i><\/a><\/div><div class=\"gutentor-gallery-item-desc\"><\/div><\/div><\/div><\/div><\/div><div class=\"gutentor-gallery-item grid-lg-4 grid-md-4 grid-12\"><div class=\"gutentor-single-item gutentor-image gutentor-single-item-11\"><div class=\"gutentor-gallery-item-wrap\"><div class=\"gutentor-single-item-image-box\"><div class=\"gutentor-image-thumb\"><img loading=\"lazy\" decoding=\"async\" class=\"normal-image\" src=\"https:\/\/grafix-dezign.de\/web\/wp-content\/uploads\/2025\/11\/krbc.jpg\" alt=\"\" height=\"947\" width=\"1600\" \/><div class=\"overlay\"><\/div><\/div><\/div><div class=\"gutentor-single-item-content\"><div class=\"gutentor-gallery-item-header\"><h3 class=\"gutentor-single-item-title\">KRIFTELER REISEB\u00dcRO<\/h3><a href=\"https:\/\/grafix-dezign.de\/web\/wp-content\/uploads\/2025\/11\/krbc.jpg\" class=\"image-gallery\"><i class=\"gallery-icon fas fa-search\"><\/i><\/a><\/div><div class=\"gutentor-gallery-item-desc\"><\/div><\/div><\/div><\/div><\/div><div class=\"gutentor-gallery-item grid-lg-4 grid-md-4 grid-12\"><div class=\"gutentor-single-item gutentor-image gutentor-single-item-12\"><div class=\"gutentor-gallery-item-wrap\"><div class=\"gutentor-single-item-image-box\"><div class=\"gutentor-image-thumb\"><img loading=\"lazy\" decoding=\"async\" class=\"normal-image\" src=\"https:\/\/grafix-dezign.de\/web\/wp-content\/uploads\/2025\/11\/passek.jpg\" alt=\"\" height=\"947\" width=\"1600\" \/><div class=\"overlay\"><\/div><\/div><\/div><div class=\"gutentor-single-item-content\"><div class=\"gutentor-gallery-item-header\"><a class=\"gutentor-single-item-title-link\" href=\"https:\/\/www.passek-immobilien.de\"><h3 class=\"gutentor-single-item-title\">PASSEK <br>IMMOBILIEN<\/h3><\/a><a href=\"https:\/\/grafix-dezign.de\/web\/wp-content\/uploads\/2025\/11\/passek.jpg\" class=\"image-gallery\"><i class=\"gallery-icon fas fa-search\"><\/i><\/a><\/div><div class=\"gutentor-gallery-item-desc\"><\/div><\/div><\/div><\/div><\/div><div class=\"gutentor-gallery-item grid-lg-4 grid-md-4 grid-12\"><div class=\"gutentor-single-item gutentor-image gutentor-single-item-13\"><div class=\"gutentor-gallery-item-wrap\"><div class=\"gutentor-single-item-image-box\"><div class=\"gutentor-image-thumb\"><img loading=\"lazy\" decoding=\"async\" class=\"normal-image\" src=\"https:\/\/grafix-dezign.de\/web\/wp-content\/uploads\/2025\/10\/drehrlich.jpg\" alt=\"\" height=\"947\" width=\"1600\" \/><div class=\"overlay\"><\/div><\/div><\/div><div class=\"gutentor-single-item-content\"><div class=\"gutentor-gallery-item-header\"><a class=\"gutentor-single-item-title-link\" href=\"https:\/\/www.dr-ehrlich.de\" target=\"_blank\" rel=\"noopener noreferrer\"><h3 class=\"gutentor-single-item-title\">PRAXIS <br>DR. EHRLICH<\/h3><\/a><a href=\"https:\/\/grafix-dezign.de\/web\/wp-content\/uploads\/2025\/10\/drehrlich.jpg\" class=\"image-gallery\"><i class=\"gallery-icon fas fa-search\"><\/i><\/a><\/div><div class=\"gutentor-gallery-item-desc\"><\/div><\/div><\/div><\/div><\/div><div class=\"gutentor-gallery-item grid-lg-4 grid-md-4 grid-12\"><div class=\"gutentor-single-item gutentor-image gutentor-single-item-14\"><div class=\"gutentor-gallery-item-wrap\"><div class=\"gutentor-single-item-image-box\"><div class=\"gutentor-image-thumb\"><img loading=\"lazy\" decoding=\"async\" class=\"normal-image\" src=\"https:\/\/grafix-dezign.de\/web\/wp-content\/uploads\/2025\/10\/greiner.jpg\" alt=\"\" height=\"947\" width=\"1600\" \/><div class=\"overlay\"><\/div><\/div><\/div><div class=\"gutentor-single-item-content\"><div class=\"gutentor-gallery-item-header\"><a class=\"gutentor-single-item-title-link\" href=\"https:\/\/www.sgreiner-immobilien.de\" target=\"_blank\" rel=\"noopener noreferrer\"><h3 class=\"gutentor-single-item-title\">GREINER IMMOBILIEN<\/h3><\/a><a href=\"https:\/\/grafix-dezign.de\/web\/wp-content\/uploads\/2025\/10\/greiner.jpg\" class=\"image-gallery\"><i class=\"gallery-icon fas fa-search\"><\/i><\/a><\/div><div class=\"gutentor-gallery-item-desc\"><\/div><\/div><\/div><\/div><\/div><\/div><\/div><\/section>\n<\/div><\/div>\n<\/div><\/div><\/section>\n\n\n\n<section id=\"g-nyefy2s\" class=\"wp-block-gutentor-m4 section-g-nyefy2s gutentor-module gutentor-advanced-columns has-image-bg has-custom-bg\"><div class=\"grid-container\"><div class=\"grid-row\">\n<div id=\"col-g-rb81wy1\" class=\"wp-block-gutentor-m4-col col-g-rb81wy1 gutentor-single-column  grid-lg-6 grid-md-12 grid-12\"><div id=\"section-g-rb81wy1\" class=\"section-g-rb81wy1 gutentor-col-wrap\">\n<div id=\"section-g-yao21qm\" class=\"wp-block-gutentor-e1 section-g-yao21qm gutentor-element gutentor-element-advanced-text\"><div class=\"gutentor-text-wrap\"><p class=\"gutentor-text\">Bereit f\u00fcr Ihr Projekt?<\/p><\/div><\/div>\n\n\n\n<div id=\"section-g-vteftfe\" class=\"wp-block-gutentor-e1 section-g-vteftfe gutentor-element gutentor-element-advanced-text\"><div class=\"gutentor-text-wrap\"><p class=\"gutentor-text\">Lassen Sie uns gemeinsam Ihre neue Website planen und umsetzen!<\/p><\/div><\/div>\n<\/div><\/div>\n\n\n\n<div id=\"col-g-71mp11y\" class=\"wp-block-gutentor-m4-col col-g-71mp11y gutentor-single-column  grid-lg-6 grid-md-12 grid-12\"><div id=\"section-g-71mp11y\" class=\"section-g-71mp11y gutentor-col-wrap\">\n<div id=\"section-g-141bg9o\" class=\"wp-block-gutentor-e2 section-g-141bg9o gutentor-element gutentor-element-button\"><span class=\"gutentor-button-wrap\"><a class=\"gutentor-button gutentor-block-button gutentor-icon-before\" href=\"https:\/\/grafix-dezign.de\/web\/projekt-anfragen\/\"><i class=\"gutentor-button-icon fas fa-rocket\"><\/i><span>Anfrage senden<\/span><\/a><\/span><\/div>\n<\/div><\/div>\n<\/div><\/div><\/section>\n","protected":false},"excerpt":{"rendered":"","protected":false},"author":1,"featured_media":0,"parent":0,"menu_order":0,"comment_status":"closed","ping_status":"closed","template":"template-gutentor-full-width.php","meta":{"footnotes":""},"class_list":["post-886","page","type-page","status-publish","hentry"],"_links":{"self":[{"href":"https:\/\/grafix-dezign.de\/web\/wp-json\/wp\/v2\/pages\/886","targetHints":{"allow":["GET"]}}],"collection":[{"href":"https:\/\/grafix-dezign.de\/web\/wp-json\/wp\/v2\/pages"}],"about":[{"href":"https:\/\/grafix-dezign.de\/web\/wp-json\/wp\/v2\/types\/page"}],"author":[{"embeddable":true,"href":"https:\/\/grafix-dezign.de\/web\/wp-json\/wp\/v2\/users\/1"}],"replies":[{"embeddable":true,"href":"https:\/\/grafix-dezign.de\/web\/wp-json\/wp\/v2\/comments?post=886"}],"version-history":[{"count":20,"href":"https:\/\/grafix-dezign.de\/web\/wp-json\/wp\/v2\/pages\/886\/revisions"}],"predecessor-version":[{"id":984,"href":"https:\/\/grafix-dezign.de\/web\/wp-json\/wp\/v2\/pages\/886\/revisions\/984"}],"wp:attachment":[{"href":"https:\/\/grafix-dezign.de\/web\/wp-json\/wp\/v2\/media?parent=886"}],"curies":[{"name":"wp","href":"https:\/\/api.w.org\/{rel}","templated":true}]}}